{"id":941,"date":"2020-09-05T00:22:29","date_gmt":"2020-09-05T00:22:29","guid":{"rendered":"http:\/\/todossomosanimales.org\/web\/?page_id=941"},"modified":"2020-09-05T00:24:48","modified_gmt":"2020-09-05T00:24:48","slug":"si-quieres-a-tu-perro-sacalo-a-pasear-siempre-con-correa","status":"publish","type":"page","link":"https:\/\/todossomosanimales.org\/web\/noticias\/si-quieres-a-tu-perro-sacalo-a-pasear-siempre-con-correa\/","title":{"rendered":"Si quieres a tu perro, s\u00e1calo a pasear siempre con correa"},"content":{"rendered":"<p class=\"[ single__author ]\"><small class=\"[ font-weight-bold ]\">Por:\u00a0<a href=\"https:\/\/coolture.com.mx\/si_quieres_a_tu_perro_sacalo_a_pasear_siempre_con_correa\/\">Eduardo Del \u00c1ngel<\/a><\/small><\/p>\n<div class=\"[ single__post --khe-me-ves-wey ]\">\n<p>Seguramente te ha pasado que sales a la calle a pasear a tu perro con correa y te encuentras con alguien que lleva a su mascota suelta.<\/p>\n<p>Podr\u00eda suceder que los perros se huelan, se saluden y cada quien siga su camino; sin embargo, hay muchas a<img loading=\"lazy\" class=\"wp-image-55761 lazy loaded alignleft\" src=\"https:\/\/coolture.com.mx\/wp-content\/uploads\/2020\/09\/coolture_perros_correa_04-08-2020-338x600.jpg\" sizes=\"(max-width: 338px) 100vw, 338px\" srcset=\"https:\/\/coolture.com.mx\/wp-content\/uploads\/2020\/09\/coolture_perros_correa_04-08-2020-338x600.jpg 338w, https:\/\/coolture.com.mx\/wp-content\/uploads\/2020\/09\/coolture_perros_correa_04-08-2020-576x1024.jpg 576w, https:\/\/coolture.com.mx\/wp-content\/uploads\/2020\/09\/coolture_perros_correa_04-08-2020.jpg 720w\" alt=\"\" width=\"220\" height=\"385\" data-src=\"https:\/\/coolture.com.mx\/wp-content\/uploads\/2020\/09\/coolture_perros_correa_04-08-2020-338x600.jpg\" data-srcset=\"https:\/\/coolture.com.mx\/wp-content\/uploads\/2020\/09\/coolture_perros_correa_04-08-2020-338x600.jpg 338w, https:\/\/coolture.com.mx\/wp-content\/uploads\/2020\/09\/coolture_perros_correa_04-08-2020-576x1024.jpg 576w, https:\/\/coolture.com.mx\/wp-content\/uploads\/2020\/09\/coolture_perros_correa_04-08-2020.jpg 720w\" data-sizes=\"(max-width: 338px) 100vw, 338px\" data-was-processed=\"true\" \/>n\u00e9cdotas de perros sin correa que mordieron a otro con o sin ella.<\/p>\n<p>En entrevista para Coolture, Cristina narr\u00f3 una noche en la que su mascota fue atacada por un perro que no llevaba correa.<\/p>\n<p>\u00abMi perra, una d\u00e1lmata de 12 a\u00f1os, ya camina un poco lento y es muy nerviosa, por lo que siempre la saco con correa. Me da miedo que alg\u00fan sonido la espante y se eche a correr hacia la avenida\u00bb, dice.<\/p>\n<p>El pasado 31 de julio, Cristina sac\u00f3 a pasear a su mascota, pasaron frente a un hombre acompa\u00f1ado de su pastor alem\u00e1n. El perro no llevaba correa.<\/p>\n<p>\u00abTodo pas\u00f3 muy r\u00e1pido. El perro se le fue encima. Cuando gir\u00e9, el pastor alem\u00e1n estaba sobre mi mascota y la ten\u00eda agarrada por el cuello\u00bb, relata.<\/p>\n<p>Afortunadamente, el due\u00f1o reaccion\u00f3 a tiempo y logr\u00f3 separar a los canes. La d\u00e1lmata solo se llev\u00f3 una herida en la oreja provocada por el collar con picos de acero de su atacante.<\/p>\n<div class=\"wp-block-image\">\n<figure class=\"aligncenter size-medium\"><figcaption>Cortes\u00eda de Cristina<\/figcaption><\/figure>\n<\/div>\n<h2>LA IMPORTANCIA DE LA CORREA<\/h2>\n<p>El ponerle una correa a tu perro cuando lo sacas a la calle, es m\u00e1s una protecci\u00f3n para tu mascota que un impedimento de su libertad, considera Sandra Segovia, fundadora de \u00ab<a href=\"https:\/\/todossomosanimales.org\/web\/\" target=\"_blank\" rel=\"noopener noreferrer\">Todos somos animales<\/a>\u00ab.<\/p>\n<p>M\u00e1s all\u00e1 de la inteligencia de tu perrito, \u00abtodos estamos propensos a diferentes situaciones; puede haber un imprevisto que asuste a tu perro, se eche a correr y se pierda o lo atropellen\u00bb, comenta Segovia en entrevista para\u00a0<a href=\"https:\/\/digitallpost.com.mx\/\" target=\"_blank\" rel=\"noopener noreferrer\">Coolture<\/a>.<\/p>\n<p>\u00abSi en algo aprecias a tu perro, deber\u00edas ponerle una correa\u00bb, agrega. Sin embargo, \u00bfqu\u00e9 pasa cuando el sentido com\u00fan es el menos com\u00fan de los sentidos en los propietarios de perros?<\/p>\n<h2>DE ACUERDO CON LA LEY, NO PUEDES PASEAR A TU PERRO SIN UNA CORREA<\/h2>\n<div class=\"wp-block-image wp-image-433866 size-full\">\n<figure class=\"aligncenter\"><img loading=\"lazy\" class=\"wp-image-433866 lazy loaded\" src=\"https:\/\/digitallpost.com.mx\/wp-content\/uploads\/2020\/09\/digitallpost_perros_correa_04-08-2020.jpg\" alt=\"perros correa\" width=\"485\" height=\"301\" data-src=\"https:\/\/digitallpost.com.mx\/wp-content\/uploads\/2020\/09\/digitallpost_perros_correa_04-08-2020.jpg\" data-was-processed=\"true\" \/><figcaption>Pixabay<\/figcaption><\/figure>\n<\/div>\n<p>Existe la\u00a0Ley de Protecci\u00f3n de los Animales en el Distrito Federal y la Ley de Cultura C\u00edvica, donde se engloban las responsabilidades de aquellos que transitan con sus mascotas por la calle.<\/p>\n<p>Si alguna vez te encuentras en una situaci\u00f3n de pelea de perros, con o sin correa, debes conocer 3 leyes:<\/p>\n<ul>\n<li>El Art\u00edculo 30 de la\u00a0<a href=\"http:\/\/www.paot.org.mx\/centro\/leyes\/df\/pdf\/2018\/LEY_PROTECCION_ANIMALES_04_05_2018.pdf\" target=\"_blank\" rel=\"noopener noreferrer\">Ley de Protecci\u00f3n a los Animales en el Distrito Federal<\/a>, actualizada en 2018, el cual indica que \u00abToda persona propietaria, poseedora o encargada de un perro est\u00e1 obligado a colocarle una correa al transitar con \u00e9l en la v\u00eda p\u00fablica\u00bb.<\/li>\n<li>El Art\u00edculo 27 de la\u00a0<a href=\"https:\/\/data.consejeria.cdmx.gob.mx\/portal_old\/uploads\/gacetas\/60d674a9582028dfbc51e1dc34c712cc.pdf\" target=\"_blank\" rel=\"noopener noreferrer\">Ley de Cultura C\u00edvica<\/a>, actualizada en 2019, que dice \u00abSon infracciones contra la tranquilidad de las personas: Poseer animales sin adoptar las medidas de higiene necesarias que impidan malos olores o la presencia de plagas que ocasionen cualquier molestia a los vecinos\u00bb.<\/li>\n<li>Y el Art\u00edculo 28, tambi\u00e9n de la Ley de Cultura C\u00edvica. \u00abSon infracciones contra la seguridad ciudadana: Permitir a la persona propietaria o poseedora de un animal que este transite libremente o transitar con \u00e9l sin adoptar las medidas de seguridad necesarias, de acuerdo con las caracter\u00edsticas particulares del animal, para prevenir posibles ataques a otras personas o animales, as\u00ed como azuzarlo o no contenerlo\u00bb.<\/li>\n<\/ul>\n<p>Asimismo, la ley dicta que \u00abcualquier autoridad debe ayudarte\u00bb, comenta Segovia, \u00abcualquier polic\u00eda te debe ayudar. Puedes llamar al 911, puedes parar una patrulla o bajar una aplicaci\u00f3n que se llama \u201cMi polic\u00eda\u201d donde tambi\u00e9n te apoyan con una patrulla\u00bb, agrega.<\/p>\n<p>Sin embargo, ser\u00e1 necesario que t\u00fa conozcas bien estos 3 Art\u00edculos, pues \u00abhay polic\u00edas que no se saben las leyes\u00bb, recuerda la fundadora de \u00abTodos somos animales\u00bb.<\/p>\n<div class=\"wp-block-image wp-image-433867 size-full\">\n<figure class=\"aligncenter\"><img class=\"wp-image-433867 lazy loaded\" src=\"https:\/\/digitallpost.com.mx\/wp-content\/uploads\/2020\/09\/digitallpost_correa_perro_04-08-2020.jpg\" alt=\"perros correa\" data-src=\"https:\/\/digitallpost.com.mx\/wp-content\/uploads\/2020\/09\/digitallpost_correa_perro_04-08-2020.jpg\" data-was-processed=\"true\" \/><figcaption>Pixabay<\/figcaption><\/figure>\n<\/div>\n<h2>TENER UNA MASCOTA ES COMO COMPRAR UN CARRO<\/h2>\n<p>Si bien las mascotas son seres vivos, Segovia considera que adquirir un perrito es como comprar un carro.<\/p>\n<p>\u00abNo es solo ir a la agencia y pagar; sino que te tienes que informar de todas las responsabilidades que tienes al estar adentro de un veh\u00edculo, te tienes que informar de las legislaciones\u00bb.<\/p>\n<p>Asimismo, como sucede en un percance de autos, \u00abel que pega paga\u00bb, sucede lo mismo cuando hay un pleito entre dos perritos, \u00abel que muerde paga\u00bb.<\/p>\n<p>\u00abLa ley obliga al agresor a cubrir los da\u00f1os del agredido\u00bb, indica Segovia; sin embargo, \u00absi los tutores pueden llegar a un acuerdo y pagarse como gente civilizada, no hay necesidad de m\u00e1s\u00bb.<\/p>\n<p>De no llegar a un acuerdo en el momento \u00abdeben acudir a un juzgado c\u00edvico\u00bb, agrega.<\/p>\n<p>En el caso de Cristina, las heridas que sufri\u00f3 su perrita fueron leves, y el due\u00f1o del pastor alem\u00e1n acord\u00f3 pagar los materiales de curaci\u00f3n necesarios para atender la oreja de la d\u00e1lmata.<\/p>\n<p>M\u00e1s all\u00e1 de las leyes que hay para resolver los pleitos entre las mascotas y sus due\u00f1os, Segovia considera que \u00absi t\u00fa quieres a tu perro, debes seguir las normas de convivencia\u00bb.<\/p>\n<p>\u00abVivimos en una ciudad altamente s\u00edsmica, donde hay incendios, inundaciones, en fin, imprevistos\u2026 la correa es un elemento de protecci\u00f3n para tu mascota\u00bb, concluye Sandra Segovia.<\/p>\n<p>Para Cristina todav\u00eda es dif\u00edcil caminar con su mascota por la calle donde fue atacada. \u00abEstamos trabajando en que ella se sienta segura pasear por esa calle, una de las m\u00e1s iluminadas y transitadas de la colonia\u00bb comenta.<\/p>\n<p>Sin embargo, todav\u00eda es un reto para su mascota, por lo que tienen que rodear la zona y caminar por callejones m\u00e1s oscuros y solitarios.<\/p>\n<div class=\"wp-block-image wp-image-433868 size-full\">\n<figure class=\"aligncenter\"><img class=\"wp-image-433868 lazy loaded\" src=\"https:\/\/digitallpost.com.mx\/wp-content\/uploads\/2020\/09\/digitallpost-correas_perro_04-08-2020.jpg\" alt=\"perro correa\" data-src=\"https:\/\/digitallpost.com.mx\/wp-content\/uploads\/2020\/09\/digitallpost-correas_perro_04-08-2020.jpg\" data-was-processed=\"true\" \/><\/figure>\n<\/div>\n<p><a href=\"https:\/\/coolture.com.mx\/si_quieres_a_tu_perro_sacalo_a_pasear_siempre_con_correa\/\">https:\/\/coolture.com.mx\/si_quieres_a_tu_perro_sacalo_a_pasear_siempre_con_correa\/<\/a><\/p>\n<\/div>\n","protected":false},"excerpt":{"rendered":"<p>Por:\u00a0Eduardo Del \u00c1ngel Seguramente te ha pasado que sales a la calle a pasear a tu perro con correa y te encuentras con alguien que lleva a su mascota suelta. Podr\u00eda suceder que los perros se huelan, se saluden y cada quien siga su camino; sin embargo, hay muchas an\u00e9cdotas de perros sin correa que &hellip;<\/p>\n<p class=\"read-more\"> <a class=\"\" href=\"https:\/\/todossomosanimales.org\/web\/noticias\/si-quieres-a-tu-perro-sacalo-a-pasear-siempre-con-correa\/\"> <span class=\"screen-reader-text\">Si quieres a tu perro, s\u00e1calo a pasear siempre con correa<\/span> Leer m\u00e1s &raquo;<\/a><\/p>\n","protected":false},"author":2,"featured_media":0,"parent":20,"menu_order":1,"comment_status":"open","ping_status":"closed","template":"","meta":{"site-sidebar-layout":"default","site-content-layout":"default","ast-main-header-display":"","ast-hfb-above-header-display":"","ast-hfb-below-header-display":"","ast-hfb-mobile-header-display":"","site-post-title":"","ast-breadcrumbs-content":"","ast-featured-img":"","footer-sml-layout":"","theme-transparent-header-meta":"","adv-header-id-meta":"","stick-header-meta":"","header-above-stick-meta":"","header-main-stick-meta":"","header-below-stick-meta":""},"_links":{"self":[{"href":"https:\/\/todossomosanimales.org\/web\/wp-json\/wp\/v2\/pages\/941"}],"collection":[{"href":"https:\/\/todossomosanimales.org\/web\/wp-json\/wp\/v2\/pages"}],"about":[{"href":"https:\/\/todossomosanimales.org\/web\/wp-json\/wp\/v2\/types\/page"}],"author":[{"embeddable":true,"href":"https:\/\/todossomosanimales.org\/web\/wp-json\/wp\/v2\/users\/2"}],"replies":[{"embeddable":true,"href":"https:\/\/todossomosanimales.org\/web\/wp-json\/wp\/v2\/comments?post=941"}],"version-history":[{"count":3,"href":"https:\/\/todossomosanimales.org\/web\/wp-json\/wp\/v2\/pages\/941\/revisions"}],"predecessor-version":[{"id":943,"href":"https:\/\/todossomosanimales.org\/web\/wp-json\/wp\/v2\/pages\/941\/revisions\/943"}],"up":[{"embeddable":true,"href":"https:\/\/todossomosanimales.org\/web\/wp-json\/wp\/v2\/pages\/20"}],"wp:attachment":[{"href":"https:\/\/todossomosanimales.org\/web\/wp-json\/wp\/v2\/media?parent=941"}],"curies":[{"name":"wp","href":"https:\/\/api.w.org\/{rel}","templated":true}]}}