{"id":829,"date":"2020-04-21T15:27:56","date_gmt":"2020-04-21T15:27:56","guid":{"rendered":"http:\/\/todossomosanimales.org\/web\/?page_id=829"},"modified":"2021-03-18T02:18:35","modified_gmt":"2021-03-18T02:18:35","slug":"resulta-que-los-diputados-plantean-regresar-a-los-animales-a-los-circos","status":"publish","type":"page","link":"https:\/\/todossomosanimales.org\/web\/noticias\/resulta-que-los-diputados-plantean-regresar-a-los-animales-a-los-circos\/","title":{"rendered":"Resulta que los diputados plantean regresar a los animales a los circos."},"content":{"rendered":"<h2>La Diputada Ma. Eugenia Hern\u00e1ndez propuso el pasado 05 de febrero una iniciativa que propone derogar el p\u00e1rrafo tercero del art\u00edculo 78 de la Ley General de Vida Silvestre, para permitir animales en los circos.<\/h2>\n<form id=\"aspnetForm\" action=\"https:\/\/www.cuerpomente.com\/blogs\/amanda-romero\/circos-sin-animales_1610\" method=\"post\">\n<div id=\"wrapper\" class=\"container-fluid\">\n<article class=\"article-main\">\n<div id=\"detail\" class=\"article-content article-section\">\n<div class=\"row\">\n<div class=\"col-xs-12 col-sm-12 col-md-12 col-lg-12 col-xl-12\">\n<div class=\"txt\">\n<h3>6 razones para no comprar ni una sola entrada.<\/h3>\n<h3><strong>1. \u00bfNACER ENTRE BARROTES O SER SECUESTRADO DE TU HOGAR?<\/strong><\/h3>\n<p>Son las dos \u00fanicas opciones para los animales utilizados en los circos: o\u00a0<strong>nacen en cautividad<\/strong>\u00a0o son arrancados de su h\u00e1bitat natural por\u00a0<strong>redes ilegales de tr\u00e1fico de animales<\/strong>. Estos animales\u00a0<strong>jam\u00e1s conocer\u00e1n su medio natural<\/strong>\u00a0y lo \u00fanico que conocer\u00e1n en su vida ser\u00e1n entornos artificiales, camiones de transporte y jaulas de las que solo saldr\u00e1n para ser duramente entrenados.<\/p>\n<h3><strong>2. VIAJES INTERMINABLES EN CONDICIONES DEPLORABLES<\/strong><\/h3>\n<p>Los animales de los circos\u00a0<strong>son transportados continuamente<\/strong>, padeciendo largos viajes encerrados en vagones que raramente cumplen unas condiciones m\u00ednimas para su bienestar.\u00a0 Espacios\u00a0<strong>estrechos<\/strong>,\u00a0<strong>insalubres<\/strong>\u00a0y que en ocasiones alcanzan\u00a0<strong>temperaturas extremas<\/strong>\u00a0frente a las que los animales se encuentran completamente desprotegidos.\u00a0<strong>Muchos de ellos mueren durante el transporte<\/strong>\u00a0por no poder soportar las condiciones a las que son sometidos.<\/p>\n<h3><strong>3. CASTIGO, CRUELDAD Y MALOS TRATOS<\/strong><\/h3>\n<p>Los animales en los circos son habitualmente\u00a0<strong>\u201centrenados\u201d con l\u00e1tigos, descargas el\u00e9ctricas, bozales, ganchos, punzones\u00a0<\/strong>y todo tipo de herramientas dise\u00f1adas para inmovilizarlos, provocarles dolor y forzarlos a realizar conductas completamente que de ning\u00fan modo llevar\u00edan a cabo en su entorno natural.\u00a0Numerosas investigaciones han revelado c\u00f3mo los m\u00e9todos utilizados distan mucho del refuerzo positivo con el que suelen defenderse desde esta industria cuando sus pr\u00e1cticas son denunciadas.<\/p>\n<h3><strong>4. HUMILLADOS CONTRA SU NATURALEZA<\/strong><\/h3>\n<p>Los n\u00fameros circenses con animales se caracterizan por\u00a0<strong>ridiculizar a los animales<\/strong>, y por exponerlos a situaciones que van completamente<strong>\u00a0en contra de su naturaleza<\/strong>, como forma de poner en valor el \u201ctalento\u201d de los entrenadores.\u00a0As\u00ed, encontramos animales como grandes felinos obligados a atravesar aros de fuego, elefantes forzados a sostener todo el peso de su cuerpo sobre sus patas traseras u osos montando en bicicleta. Situaciones incomprensibles y<strong>\u00a0tremendamente estresantes para los animales<\/strong>\u00a0que son, en muchos casos, incluso\u00a0<strong>peligrosas para su integridad f\u00edsica<\/strong>.<\/p>\n<h3><strong>5. NEUROSIS DEBIDO AL CAUTIVERIO<\/strong><\/h3>\n<p>Los animales en los circos viven una vida de privaciones.\u00a0<strong>Encerrados en jaulas, sin ning\u00fan est\u00edmulo, sin espacio suficiente para ejercitarse<\/strong>, sin posibilidad de llevar a cabo comportamientos propios de su especie ni de establecer v\u00ednculos sociales con sus iguales.\u00a0El estr\u00e9s del confinamiento hace que muchos de estos animales sufran\u00a0<strong>trastornos mentales<\/strong>, mostrando comportamientos obsesivos y conductas repetitivas.\u00a0Los animales en los circos\u00a0<strong>se vuelven literalmente locos<\/strong>.<\/p>\n<h3><strong>6. PELIGRO P\u00daBLICO<\/strong><\/h3>\n<p>Los circos con animales suponen, adem\u00e1s de un claro maltrato hacia los animales, tambi\u00e9n\u00a0<strong>un peligro para la ciudadan\u00eda<\/strong>.\u00a0Sus instalaciones suelen encontrarse siempre muy cerca de o en los propios n\u00facleos urbanos y son numerosos los casos en los que tanto trabajadores como\u00a0<strong>personas del p\u00fablico han resultado heridas o muertas<\/strong>\u00a0debido al ataque de animales salvajes que han conseguido escapar de sus jaulas.<\/p>\n<p><strong>Los circos con animales no tienen cabida<\/strong>\u00a0en una sociedad que busque fomentar el respeto hacia la naturaleza ni la educaci\u00f3n en valores para la convivencia. Afortunadamente, cada vez hay m\u00e1s alternativas en las que podemos disfrutar de todo el encanto del espect\u00e1culo sin necesidad de utilizar animales.<\/p>\n<p><strong>Queremos circo, s\u00ed, pero sin animales.<\/strong><\/p>\n<\/div>\n<\/div>\n<\/div>\n<\/div>\n<\/article>\n<\/div>\n<\/form>\n<div class=\"kskdDiv\" data-kiosked-fullscreen-type=\"in-screen\">\n<p><a href=\"https:\/\/youtu.be\/FSa1thtSEoI\">https:\/\/youtu.be\/FSa1thtSEoI<\/a><\/p>\n<\/div>\n<div id=\"kskd01e6en4jmxrpbj1900mk95gb3a\" class=\"kskdDiv kskdCls\" data-kiosked-role=\"anchor\" data-kiosked-type=\"in-screen\" data-kioskid=\"01e6en4jmxrpbj1900mk95gb3a\" data-kiosked-cntrid=\"12124_ca6b098b244471f3d6fc554b85d0f59d\"><\/div>\n<p><img src=\"https:\/\/sb.scorecardresearch.com\/p?c1=2&amp;c2=21892462&amp;ns_ap_sv=2.1511.10&amp;ns_type=hidden&amp;ns_st_it=a&amp;ns_st_sv=4.0.0&amp;ns_st_ad=1&amp;ns_st_sq=1&amp;ns_st_id=742283986&amp;ns_st_ec=1&amp;ns_st_cn=1&amp;ns_st_ev=play&amp;ns_st_ct=va00&amp;ns_st_cl=0&amp;ns_st_pt=0&amp;c3=*null&amp;c4=*null&amp;c6=*null&amp;ns_ts=1490474\" \/><\/p>\n<div id=\"SMIntext_frame_1587482365043\" class=\"SMMinimize_1587482365043\" data-id=\"d82b2d64-50ae-4772-9647-efc1e1f41e08\" data-device=\"desktop\"><\/div>\n","protected":false},"excerpt":{"rendered":"<p>La Diputada Ma. Eugenia Hern\u00e1ndez propuso el pasado 05 de febrero una iniciativa que propone derogar el p\u00e1rrafo tercero del art\u00edculo 78 de la Ley General de Vida Silvestre, para permitir animales en los circos. 6 razones para no comprar ni una sola entrada. 1. \u00bfNACER ENTRE BARROTES O SER SECUESTRADO DE TU HOGAR? Son &hellip;<\/p>\n<p class=\"read-more\"> <a class=\"\" href=\"https:\/\/todossomosanimales.org\/web\/noticias\/resulta-que-los-diputados-plantean-regresar-a-los-animales-a-los-circos\/\"> <span class=\"screen-reader-text\">Resulta que los diputados plantean regresar a los animales a los circos.<\/span> Leer m\u00e1s &raquo;<\/a><\/p>\n","protected":false},"author":2,"featured_media":0,"parent":20,"menu_order":3,"comment_status":"open","ping_status":"closed","template":"","meta":{"site-sidebar-layout":"default","site-content-layout":"default","ast-main-header-display":"","ast-hfb-above-header-display":"","ast-hfb-below-header-display":"","ast-hfb-mobile-header-display":"","site-post-title":"","ast-breadcrumbs-content":"","ast-featured-img":"","footer-sml-layout":"","theme-transparent-header-meta":"","adv-header-id-meta":"","stick-header-meta":"","header-above-stick-meta":"","header-main-stick-meta":"","header-below-stick-meta":""},"_links":{"self":[{"href":"https:\/\/todossomosanimales.org\/web\/wp-json\/wp\/v2\/pages\/829"}],"collection":[{"href":"https:\/\/todossomosanimales.org\/web\/wp-json\/wp\/v2\/pages"}],"about":[{"href":"https:\/\/todossomosanimales.org\/web\/wp-json\/wp\/v2\/types\/page"}],"author":[{"embeddable":true,"href":"https:\/\/todossomosanimales.org\/web\/wp-json\/wp\/v2\/users\/2"}],"replies":[{"embeddable":true,"href":"https:\/\/todossomosanimales.org\/web\/wp-json\/wp\/v2\/comments?post=829"}],"version-history":[{"count":3,"href":"https:\/\/todossomosanimales.org\/web\/wp-json\/wp\/v2\/pages\/829\/revisions"}],"predecessor-version":[{"id":832,"href":"https:\/\/todossomosanimales.org\/web\/wp-json\/wp\/v2\/pages\/829\/revisions\/832"}],"up":[{"embeddable":true,"href":"https:\/\/todossomosanimales.org\/web\/wp-json\/wp\/v2\/pages\/20"}],"wp:attachment":[{"href":"https:\/\/todossomosanimales.org\/web\/wp-json\/wp\/v2\/media?parent=829"}],"curies":[{"name":"wp","href":"https:\/\/api.w.org\/{rel}","templated":true}]}}