{"id":791,"date":"2020-04-17T13:41:33","date_gmt":"2020-04-17T13:41:33","guid":{"rendered":"http:\/\/todossomosanimales.org\/web\/?page_id=791"},"modified":"2020-04-17T13:41:33","modified_gmt":"2020-04-17T13:41:33","slug":"organizaciones-llaman-a-prohibir-venta-de-animales-vivos-en-mercados","status":"publish","type":"page","link":"https:\/\/todossomosanimales.org\/web\/noticias\/organizaciones-llaman-a-prohibir-venta-de-animales-vivos-en-mercados\/","title":{"rendered":"ORGANIZACIONES LLAMAN A PROHIBIR VENTA DE ANIMALES VIVOS EN MERCADOS"},"content":{"rendered":"<p class=\"has-drop-cap\">Los mercados en donde se venden animales vivos tanto silvestres como de granja son una muestra de la explotaci\u00f3n y el sufrimiento en que viven los animales, adem\u00e1s de que el tr\u00e1fico de especies ilegales ha mostrado ser un factor para la aparici\u00f3n de enfermedades emergentes, debido al mal manejo que se da a diversas especies en dichos mercados, coincidieron diversas organizaciones y protectores animalistas.<\/p>\n<div class=\"wp-block-image\">\n<figure class=\"alignleft is-resized\"><a href=\"https:\/\/prensaanimal.com\/wp-content\/uploads\/2020\/04\/mercadosv5.jpg\"><img loading=\"lazy\" class=\"wp-image-31033\" src=\"https:\/\/prensaanimal.com\/wp-content\/uploads\/2020\/04\/mercadosv5.jpg\" sizes=\"(max-width: 430px) 100vw, 430px\" srcset=\"https:\/\/prensaanimal.com\/wp-content\/uploads\/2020\/04\/mercadosv5.jpg 480w, https:\/\/prensaanimal.com\/wp-content\/uploads\/2020\/04\/mercadosv5-300x225.jpg 300w\" alt=\"\" width=\"430\" height=\"323\" \/><\/a><figcaption>Ireri Carranza de la organizaci\u00f3n UPA, se\u00f1al\u00f3 que no es posible que los mercados, en el pa\u00eds y en la Ciudad de M\u00e9xico, los animales vivan con maltrato<\/figcaption><\/figure>\n<\/div>\n<p>Varias de las organizaciones se\u00f1alaron en que, mercados como Sonora, en la alcald\u00eda Venustiano Carranza, son una muestra de los sitios donde los animales son explotados, adem\u00e1s de que no se respeta la ley que proh\u00edbe las ventas de animales vivos en mercados p\u00fablicos.<\/p>\n<p>Sandra Segovia de\u00a0 la organizaci\u00f3n Todos Somos Animales, expres\u00f3 que \u201ccuando ocurren emergencias como el caso del COVID-19, los animales son los m\u00e1s desprotegidos, pues no se aplican los protocolos , zool\u00f3gicos, parques o mercados, en donde mueren animales por falta de comida y deshidrataci\u00f3n, pues existe impunidad, pues en la ley est\u00e1 establecida la prohibici\u00f3n de no vender animales vivos, por lo que exhorta a las autoridades a garantizar el bienestar de los animales que est\u00e1n hacinados en lugares como los ya mencionados\u201d.<\/p>\n<p>Por su parte, Diana Valencia de la organizaci\u00f3n Abriendo Jaulas &amp; Abriendo Mentes, efectu\u00f3 un exhorto a las autoridades competentes para que se extremen las medidas de bioseguridad para trabajadores que atienden animales vivos en zool\u00f3gicos garantizando as\u00ed la salud tanto de los animales como de los humanos.<\/p>\n<p>La protectora Gabriela Rosales, conocida como Morena Mia, se\u00f1al\u00f3 que en medio de una emergencia de salud, es el momento para que se haga efectivo la vigilancia de la salud de los animales, por lo que exigen hacer cumplir la ley en materia de protecci\u00f3n animal.<\/p>\n<div class=\"wp-block-image\">\n<figure class=\"alignright is-resized\"><a href=\"https:\/\/prensaanimal.com\/wp-content\/uploads\/2020\/04\/mercadosv4-1.jpg\"><img loading=\"lazy\" class=\"wp-image-31031\" src=\"https:\/\/prensaanimal.com\/wp-content\/uploads\/2020\/04\/mercadosv4-1-1024x538.jpg\" sizes=\"(max-width: 407px) 100vw, 407px\" srcset=\"https:\/\/prensaanimal.com\/wp-content\/uploads\/2020\/04\/mercadosv4-1-1024x538.jpg 1024w, https:\/\/prensaanimal.com\/wp-content\/uploads\/2020\/04\/mercadosv4-1-300x158.jpg 300w, https:\/\/prensaanimal.com\/wp-content\/uploads\/2020\/04\/mercadosv4-1-768x403.jpg 768w, https:\/\/prensaanimal.com\/wp-content\/uploads\/2020\/04\/mercadosv4-1.jpg 1200w\" alt=\"\" width=\"407\" height=\"214\" \/><\/a><figcaption>La presidenta la organizaci\u00f3n M\u00e9xico Renace Verde, Dulce Kim manifest\u00f3 que la venta de animales vivos en mercados p\u00fablicos es una pr\u00e1ctica cruel<\/figcaption><\/figure>\n<\/div>\n<p>Ireri Carranza de la organizaci\u00f3n UPA, se\u00f1al\u00f3 que no es posible que los mercados, en el pa\u00eds y en la Ciudad de M\u00e9xico, los animales vivan con maltrato, adem\u00e1s de que muchos animales son utilizados para sacrificios en cultos, como en el caso del mercado Sonora en donde los animales son abusados y maltratados.<\/p>\n<p>La presidenta la organizaci\u00f3n M\u00e9xico Renace Verde, Dulce Kim manifest\u00f3 que la venta de animales vivos en mercados p\u00fablicos es una pr\u00e1ctica cruel, pues las autoridades hacen caso omiso ante casos de crueldad y maltrato animal, adem\u00e1s de que est\u00e1 prohibida la venta.<\/p>\n<p>La organizaci\u00f3n \u00c9chanos una Pata, manifest\u00f3 estar en contra de la venta de animales, adem\u00e1s de que no se cumple con las leyes, por parte del gobierno, ya sea por corrupci\u00f3n, falta de seguimiento o desinformaci\u00f3n, se\u00f1alaron estar dispuestas a colaborar con la autoridad para que se cumpla la ley en favor de los animales.<\/p>\n<p>Por su parte, Ethel Herrej\u00f3n, vocera\u00a0 la Alianza de asociaciones en toda la Rep\u00fablica Mexicana, Un Mill\u00f3n de Esperanzas dijo que piden que todos los mercados en donde se venden todo tipo de animales vivos sean cerrados \u201caprendamos de lo que est\u00e1 pasando en el mundo, no queremos un Wuhan made in M\u00e9xico , por lo que hacemos un llamado a las instancias correspondientes para que esto suceda\u201d.<\/p>\n<p>Asimismo, hizo un llamado al Gobierno de la Ciudad de M\u00e9xico, en donde ya hay una Ley que protege a los animales que determina que ya est\u00e1 totalmente prohibida la venta de animales e hizo un llamado a todas las alcald\u00edas, en especial a la alcald\u00eda Venustiano Carranza \u201cpara que acabe con su Wuhan Venustiano Carranza\u201d.<\/p>\n<div class=\"wp-block-image\">\n<figure class=\"alignleft is-resized\"><a href=\"https:\/\/prensaanimal.com\/wp-content\/uploads\/2020\/04\/mercadosv6.jpg\"><img loading=\"lazy\" class=\"wp-image-31034\" src=\"https:\/\/prensaanimal.com\/wp-content\/uploads\/2020\/04\/mercadosv6.jpg\" alt=\"\" width=\"394\" height=\"221\" \/><\/a><figcaption>Ethel Herrej\u00f3n, vocera la Alianza de asociaciones en toda la Rep\u00fablica Mexicana, Un Mill\u00f3n de Esperanzas dijo que piden que todos los mercados en donde se venden todo tipo de animales vivos sean cerrados<\/figcaption><\/figure>\n<\/div>\n<p>Finalmente, el m\u00e9dico veterinario, Heber Mart\u00ednez Pateiro de la organizaci\u00f3n Frente por la Ennse\u00f1anza, Servicios en Prevenci\u00f3n , Seguridad y Derechos Humanos AC, expres\u00f3\u00a0 estar en desacuerdo con la venta de animales en los lugares\u00a0 que no se garantizan las medidas sanitarias adecuadas , por lo que exigen en caso de que se presente la venta esta debe observar las medidas adecuadas que garanticen el bienestar animal, pues la ley ya los considera \u201c seres sintientes\u201d.<\/p>\n<p>Adem\u00e1s dijo que se debe aplicar la ley en mercados como el Sonora porque ah\u00ed\u00a0 se mezclan animales de granja , de compa\u00f1\u00eda y se dan el tr\u00e1fico ilegal de animales silvestres. Ademas de que es un lugar donde hay condiciones para brotes de zoonosis.<\/p>\n<p><a href=\"https:\/\/prensaanimal.com\/organizaciones-llaman-a-prohibir-venta-de-animales-vivos-en-mercados\/\">https:\/\/prensaanimal.com\/organizaciones-llaman-a-prohibir-venta-de-animales-vivos-en-mercados\/<\/a><\/p>\n","protected":false},"excerpt":{"rendered":"<p>Los mercados en donde se venden animales vivos tanto silvestres como de granja son una muestra de la explotaci\u00f3n y el sufrimiento en que viven los animales, adem\u00e1s de que el tr\u00e1fico de especies ilegales ha mostrado ser un factor para la aparici\u00f3n de enfermedades emergentes, debido al mal manejo que se da a diversas &hellip;<\/p>\n<p class=\"read-more\"> <a class=\"\" href=\"https:\/\/todossomosanimales.org\/web\/noticias\/organizaciones-llaman-a-prohibir-venta-de-animales-vivos-en-mercados\/\"> <span class=\"screen-reader-text\">ORGANIZACIONES LLAMAN A PROHIBIR VENTA DE ANIMALES VIVOS EN MERCADOS<\/span> Leer m\u00e1s &raquo;<\/a><\/p>\n","protected":false},"author":2,"featured_media":0,"parent":20,"menu_order":1,"comment_status":"closed","ping_status":"closed","template":"","meta":{"site-sidebar-layout":"default","site-content-layout":"default","ast-main-header-display":"","ast-hfb-above-header-display":"","ast-hfb-below-header-display":"","ast-hfb-mobile-header-display":"","site-post-title":"","ast-breadcrumbs-content":"","ast-featured-img":"","footer-sml-layout":"","theme-transparent-header-meta":"","adv-header-id-meta":"","stick-header-meta":"","header-above-stick-meta":"","header-main-stick-meta":"","header-below-stick-meta":""},"_links":{"self":[{"href":"https:\/\/todossomosanimales.org\/web\/wp-json\/wp\/v2\/pages\/791"}],"collection":[{"href":"https:\/\/todossomosanimales.org\/web\/wp-json\/wp\/v2\/pages"}],"about":[{"href":"https:\/\/todossomosanimales.org\/web\/wp-json\/wp\/v2\/types\/page"}],"author":[{"embeddable":true,"href":"https:\/\/todossomosanimales.org\/web\/wp-json\/wp\/v2\/users\/2"}],"replies":[{"embeddable":true,"href":"https:\/\/todossomosanimales.org\/web\/wp-json\/wp\/v2\/comments?post=791"}],"version-history":[{"count":2,"href":"https:\/\/todossomosanimales.org\/web\/wp-json\/wp\/v2\/pages\/791\/revisions"}],"predecessor-version":[{"id":793,"href":"https:\/\/todossomosanimales.org\/web\/wp-json\/wp\/v2\/pages\/791\/revisions\/793"}],"up":[{"embeddable":true,"href":"https:\/\/todossomosanimales.org\/web\/wp-json\/wp\/v2\/pages\/20"}],"wp:attachment":[{"href":"https:\/\/todossomosanimales.org\/web\/wp-json\/wp\/v2\/media?parent=791"}],"curies":[{"name":"wp","href":"https:\/\/api.w.org\/{rel}","templated":true}]}}