{"id":46,"date":"2015-09-07T04:16:40","date_gmt":"2015-09-07T04:16:40","guid":{"rendered":"http:\/\/todossomosanimales.org\/web\/?page_id=46"},"modified":"2022-02-25T05:34:37","modified_gmt":"2022-02-25T05:34:37","slug":"adopciones","status":"publish","type":"page","link":"https:\/\/todossomosanimales.org\/web\/que-hacemos\/adopciones\/","title":{"rendered":"Adopciones"},"content":{"rendered":"\n<h1><strong>adoptables de la brigada de vigilancia animal<\/strong><\/h1>\n\n\n\n<h2>si est\u00e1s pensando en adoptar un animal de compa\u00f1\u00eda seguramente podr\u00e1s encontrar al ideal con la brigada de vigilancia animal y si no puedes adoptar apadrina a alguno.<\/h2>\n\n\n\n<p>Para adoptar un animal es necesario ser mayor de edad, radicar en la CMX, llevar una copia de comprobante de domicilio no mayor a tres meses y hacer un peque\u00f1o cuestionario en las instalaciones de la Brigada, ubicadas cerca del Parque Ecol\u00f3gico Xochimilco, en la avenida Manuel \u00c1vila Camacho Anillo Perif\u00e9rico S\/N, Ci\u00e9nega Grande.<\/p>\n\n\n\n<p>Adem\u00e1s, deber\u00e1s firmar un contrato para darle identidad al perro o gato y acceder a las visitas de seguimiento para constatar el buen trato que le das al animal.<\/p>\n\n\n\n<p>Mientras que para ser parte de Apadrina un Animal de Compa\u00f1\u00eda y erradicar el abandono, solo tienes que ir a las instalaciones, darte de alta en el programa y asegurar que puedes mantener tu compromiso para que los lomitos y felinos no sean descuidados por segunda vez. Si tienes m\u00e1s dudas puedes llamar al 5208-9898.<\/p>\n\n\n\n<p>Si quieres conocer m\u00e1s de la labor de la Brigada de Vigilancia Animal y apadrinar o adoptar un perro o gato, puedes acudir a sus instalaciones ubicadas en Avenida Manuel \u00c1vila Camacho S\/N, Xochimilco; a unos metros del Parque Ecol\u00f3gico de Cuemanco todos los domingos de 09:00-14:00 hrs.<\/p>\n\n\n\n<p>Ac\u00e1 los adoptables. Pero tambi\u00e9n hay gatos y caballos.<\/p>\n\n\n\n<figure class=\"wp-block-image\"><a href=\"https:\/\/todossomosanimales.org\/web\/wp-content\/uploads\/2015\/09\/IMG-0160.jpg\"><img loading=\"lazy\" width=\"150\" height=\"150\" src=\"https:\/\/todossomosanimales.org\/web\/wp-content\/uploads\/2015\/09\/IMG-0160-150x150.jpg\" alt=\"\" class=\"wp-image-584\" srcset=\"https:\/\/todossomosanimales.org\/web\/wp-content\/uploads\/2015\/09\/IMG-0160-150x150.jpg 150w, https:\/\/todossomosanimales.org\/web\/wp-content\/uploads\/2015\/09\/IMG-0160-80x80.jpg 80w\" sizes=\"(max-width: 150px) 100vw, 150px\" \/><\/a><\/figure>\n\n\n\n<figure class=\"wp-block-image\"><img loading=\"lazy\" width=\"150\" height=\"150\" src=\"https:\/\/todossomosanimales.org\/web\/wp-content\/uploads\/2015\/09\/IMG-0161-150x150.png\" alt=\"\" class=\"wp-image-585\" srcset=\"https:\/\/todossomosanimales.org\/web\/wp-content\/uploads\/2015\/09\/IMG-0161-150x150.png 150w, https:\/\/todossomosanimales.org\/web\/wp-content\/uploads\/2015\/09\/IMG-0161-80x80.png 80w\" sizes=\"(max-width: 150px) 100vw, 150px\" \/><\/figure>\n\n\n\n<figure class=\"wp-block-image\"><a href=\"https:\/\/todossomosanimales.org\/web\/wp-content\/uploads\/2015\/09\/IMG-0163.jpg\"><img loading=\"lazy\" width=\"150\" height=\"150\" src=\"https:\/\/todossomosanimales.org\/web\/wp-content\/uploads\/2015\/09\/IMG-0163-150x150.jpg\" alt=\"\" class=\"wp-image-587\" srcset=\"https:\/\/todossomosanimales.org\/web\/wp-content\/uploads\/2015\/09\/IMG-0163-150x150.jpg 150w, https:\/\/todossomosanimales.org\/web\/wp-content\/uploads\/2015\/09\/IMG-0163-80x80.jpg 80w\" sizes=\"(max-width: 150px) 100vw, 150px\" \/><\/a><\/figure>\n\n\n\n<figure class=\"wp-block-image\"><a href=\"https:\/\/todossomosanimales.org\/web\/wp-content\/uploads\/2015\/09\/IMG-0164.jpg\"><img loading=\"lazy\" width=\"150\" height=\"150\" src=\"https:\/\/todossomosanimales.org\/web\/wp-content\/uploads\/2015\/09\/IMG-0164-150x150.jpg\" alt=\"\" class=\"wp-image-588\" srcset=\"https:\/\/todossomosanimales.org\/web\/wp-content\/uploads\/2015\/09\/IMG-0164-150x150.jpg 150w, https:\/\/todossomosanimales.org\/web\/wp-content\/uploads\/2015\/09\/IMG-0164-80x80.jpg 80w\" sizes=\"(max-width: 150px) 100vw, 150px\" \/><\/a><\/figure>\n\n\n\n<figure class=\"wp-block-image\"><a href=\"https:\/\/todossomosanimales.org\/web\/wp-content\/uploads\/2015\/09\/IMG-0165.jpg\"><img loading=\"lazy\" width=\"150\" height=\"150\" src=\"https:\/\/todossomosanimales.org\/web\/wp-content\/uploads\/2015\/09\/IMG-0165-150x150.jpg\" alt=\"\" class=\"wp-image-589\" srcset=\"https:\/\/todossomosanimales.org\/web\/wp-content\/uploads\/2015\/09\/IMG-0165-150x150.jpg 150w, https:\/\/todossomosanimales.org\/web\/wp-content\/uploads\/2015\/09\/IMG-0165-80x80.jpg 80w\" sizes=\"(max-width: 150px) 100vw, 150px\" \/><\/a><\/figure>\n\n\n\n<figure class=\"wp-block-image\"><a href=\"https:\/\/todossomosanimales.org\/web\/wp-content\/uploads\/2015\/09\/IMG-0167.jpg\"><img loading=\"lazy\" width=\"150\" height=\"150\" src=\"https:\/\/todossomosanimales.org\/web\/wp-content\/uploads\/2015\/09\/IMG-0167-150x150.jpg\" alt=\"\" class=\"wp-image-590\" srcset=\"https:\/\/todossomosanimales.org\/web\/wp-content\/uploads\/2015\/09\/IMG-0167-150x150.jpg 150w, https:\/\/todossomosanimales.org\/web\/wp-content\/uploads\/2015\/09\/IMG-0167-80x80.jpg 80w\" sizes=\"(max-width: 150px) 100vw, 150px\" \/><\/a><\/figure>\n\n\n\n<figure class=\"wp-block-image\"><a href=\"https:\/\/todossomosanimales.org\/web\/wp-content\/uploads\/2015\/09\/IMG-0168.jpg\"><img loading=\"lazy\" width=\"150\" height=\"150\" src=\"https:\/\/todossomosanimales.org\/web\/wp-content\/uploads\/2015\/09\/IMG-0168-150x150.jpg\" alt=\"\" class=\"wp-image-591\" srcset=\"https:\/\/todossomosanimales.org\/web\/wp-content\/uploads\/2015\/09\/IMG-0168-150x150.jpg 150w, https:\/\/todossomosanimales.org\/web\/wp-content\/uploads\/2015\/09\/IMG-0168-80x80.jpg 80w\" sizes=\"(max-width: 150px) 100vw, 150px\" \/><\/a><\/figure>\n\n\n\n<figure class=\"wp-block-image\"><a href=\"https:\/\/todossomosanimales.org\/web\/wp-content\/uploads\/2015\/09\/IMG-0169.jpg\"><img loading=\"lazy\" width=\"150\" height=\"150\" src=\"https:\/\/todossomosanimales.org\/web\/wp-content\/uploads\/2015\/09\/IMG-0169-150x150.jpg\" alt=\"\" class=\"wp-image-592\" srcset=\"https:\/\/todossomosanimales.org\/web\/wp-content\/uploads\/2015\/09\/IMG-0169-150x150.jpg 150w, https:\/\/todossomosanimales.org\/web\/wp-content\/uploads\/2015\/09\/IMG-0169-80x80.jpg 80w\" sizes=\"(max-width: 150px) 100vw, 150px\" \/><\/a><\/figure>\n\n\n\n<figure class=\"wp-block-image\"><a href=\"https:\/\/todossomosanimales.org\/web\/wp-content\/uploads\/2015\/09\/IMG-0170.jpg\"><img loading=\"lazy\" width=\"150\" height=\"150\" src=\"https:\/\/todossomosanimales.org\/web\/wp-content\/uploads\/2015\/09\/IMG-0170-150x150.jpg\" alt=\"\" class=\"wp-image-593\" srcset=\"https:\/\/todossomosanimales.org\/web\/wp-content\/uploads\/2015\/09\/IMG-0170-150x150.jpg 150w, https:\/\/todossomosanimales.org\/web\/wp-content\/uploads\/2015\/09\/IMG-0170-80x80.jpg 80w\" sizes=\"(max-width: 150px) 100vw, 150px\" \/><\/a><\/figure>\n\n\n\n<figure class=\"wp-block-image\"><a href=\"https:\/\/todossomosanimales.org\/web\/wp-content\/uploads\/2015\/09\/IMG-0171.jpg\"><img loading=\"lazy\" width=\"150\" height=\"150\" src=\"https:\/\/todossomosanimales.org\/web\/wp-content\/uploads\/2015\/09\/IMG-0171-150x150.jpg\" alt=\"\" class=\"wp-image-594\" srcset=\"https:\/\/todossomosanimales.org\/web\/wp-content\/uploads\/2015\/09\/IMG-0171-150x150.jpg 150w, https:\/\/todossomosanimales.org\/web\/wp-content\/uploads\/2015\/09\/IMG-0171-80x80.jpg 80w\" sizes=\"(max-width: 150px) 100vw, 150px\" \/><\/a><\/figure>\n\n\n\n<figure class=\"wp-block-image\"><a href=\"https:\/\/todossomosanimales.org\/web\/wp-content\/uploads\/2015\/09\/IMG-0172.jpg\"><img loading=\"lazy\" width=\"150\" height=\"150\" src=\"https:\/\/todossomosanimales.org\/web\/wp-content\/uploads\/2015\/09\/IMG-0172-150x150.jpg\" alt=\"\" class=\"wp-image-595\" srcset=\"https:\/\/todossomosanimales.org\/web\/wp-content\/uploads\/2015\/09\/IMG-0172-150x150.jpg 150w, https:\/\/todossomosanimales.org\/web\/wp-content\/uploads\/2015\/09\/IMG-0172-80x80.jpg 80w\" sizes=\"(max-width: 150px) 100vw, 150px\" \/><\/a><\/figure>\n\n\n\n<figure class=\"wp-block-image\"><a href=\"https:\/\/todossomosanimales.org\/web\/wp-content\/uploads\/2015\/09\/IMG-0173.jpg\"><img loading=\"lazy\" width=\"150\" height=\"150\" src=\"https:\/\/todossomosanimales.org\/web\/wp-content\/uploads\/2015\/09\/IMG-0173-150x150.jpg\" alt=\"\" class=\"wp-image-596\" srcset=\"https:\/\/todossomosanimales.org\/web\/wp-content\/uploads\/2015\/09\/IMG-0173-150x150.jpg 150w, https:\/\/todossomosanimales.org\/web\/wp-content\/uploads\/2015\/09\/IMG-0173-80x80.jpg 80w\" sizes=\"(max-width: 150px) 100vw, 150px\" \/><\/a><\/figure>\n\n\n\n<figure class=\"wp-block-image\"><a href=\"https:\/\/todossomosanimales.org\/web\/wp-content\/uploads\/2015\/09\/IMG-0174.jpg\"><img loading=\"lazy\" width=\"150\" height=\"150\" src=\"https:\/\/todossomosanimales.org\/web\/wp-content\/uploads\/2015\/09\/IMG-0174-150x150.jpg\" alt=\"\" class=\"wp-image-597\" srcset=\"https:\/\/todossomosanimales.org\/web\/wp-content\/uploads\/2015\/09\/IMG-0174-150x150.jpg 150w, https:\/\/todossomosanimales.org\/web\/wp-content\/uploads\/2015\/09\/IMG-0174-80x80.jpg 80w\" sizes=\"(max-width: 150px) 100vw, 150px\" \/><\/a><\/figure>\n\n\n\n<figure class=\"wp-block-image\"><a href=\"https:\/\/todossomosanimales.org\/web\/wp-content\/uploads\/2015\/09\/IMG-0175.jpg\"><img loading=\"lazy\" width=\"150\" height=\"150\" src=\"https:\/\/todossomosanimales.org\/web\/wp-content\/uploads\/2015\/09\/IMG-0175-150x150.jpg\" alt=\"\" class=\"wp-image-598\" srcset=\"https:\/\/todossomosanimales.org\/web\/wp-content\/uploads\/2015\/09\/IMG-0175-150x150.jpg 150w, https:\/\/todossomosanimales.org\/web\/wp-content\/uploads\/2015\/09\/IMG-0175-80x80.jpg 80w\" sizes=\"(max-width: 150px) 100vw, 150px\" \/><\/a><\/figure>\n\n\n\n<figure class=\"wp-block-image\"><a href=\"https:\/\/todossomosanimales.org\/web\/wp-content\/uploads\/2015\/09\/IMG-0176.jpg\"><img loading=\"lazy\" width=\"150\" height=\"150\" src=\"https:\/\/todossomosanimales.org\/web\/wp-content\/uploads\/2015\/09\/IMG-0176-150x150.jpg\" alt=\"\" class=\"wp-image-599\" srcset=\"https:\/\/todossomosanimales.org\/web\/wp-content\/uploads\/2015\/09\/IMG-0176-150x150.jpg 150w, https:\/\/todossomosanimales.org\/web\/wp-content\/uploads\/2015\/09\/IMG-0176-80x80.jpg 80w\" sizes=\"(max-width: 150px) 100vw, 150px\" \/><\/a><\/figure>\n\n\n\n<figure class=\"wp-block-image\"><a href=\"https:\/\/todossomosanimales.org\/web\/wp-content\/uploads\/2015\/09\/IMG-0177.jpg\"><img loading=\"lazy\" width=\"150\" height=\"150\" src=\"https:\/\/todossomosanimales.org\/web\/wp-content\/uploads\/2015\/09\/IMG-0177-150x150.jpg\" alt=\"\" class=\"wp-image-600\" srcset=\"https:\/\/todossomosanimales.org\/web\/wp-content\/uploads\/2015\/09\/IMG-0177-150x150.jpg 150w, https:\/\/todossomosanimales.org\/web\/wp-content\/uploads\/2015\/09\/IMG-0177-80x80.jpg 80w\" sizes=\"(max-width: 150px) 100vw, 150px\" \/><\/a><\/figure>\n\n\n\n<figure class=\"wp-block-image\"><a href=\"https:\/\/todossomosanimales.org\/web\/wp-content\/uploads\/2015\/09\/IMG-0178.jpg\"><img loading=\"lazy\" width=\"150\" height=\"150\" src=\"https:\/\/todossomosanimales.org\/web\/wp-content\/uploads\/2015\/09\/IMG-0178-150x150.jpg\" alt=\"\" class=\"wp-image-601\" srcset=\"https:\/\/todossomosanimales.org\/web\/wp-content\/uploads\/2015\/09\/IMG-0178-150x150.jpg 150w, https:\/\/todossomosanimales.org\/web\/wp-content\/uploads\/2015\/09\/IMG-0178-80x80.jpg 80w\" sizes=\"(max-width: 150px) 100vw, 150px\" \/><\/a><\/figure>\n\n\n\n<figure class=\"wp-block-image\"><a href=\"https:\/\/todossomosanimales.org\/web\/wp-content\/uploads\/2015\/09\/IMG-0179.jpg\"><img loading=\"lazy\" width=\"150\" height=\"150\" src=\"https:\/\/todossomosanimales.org\/web\/wp-content\/uploads\/2015\/09\/IMG-0179-150x150.jpg\" alt=\"\" class=\"wp-image-602\" srcset=\"https:\/\/todossomosanimales.org\/web\/wp-content\/uploads\/2015\/09\/IMG-0179-150x150.jpg 150w, https:\/\/todossomosanimales.org\/web\/wp-content\/uploads\/2015\/09\/IMG-0179-80x80.jpg 80w\" sizes=\"(max-width: 150px) 100vw, 150px\" \/><\/a><\/figure>\n\n\n\n<figure class=\"wp-block-image\"><a href=\"https:\/\/todossomosanimales.org\/web\/wp-content\/uploads\/2015\/09\/IMG-0180.jpg\"><img loading=\"lazy\" width=\"150\" height=\"150\" src=\"https:\/\/todossomosanimales.org\/web\/wp-content\/uploads\/2015\/09\/IMG-0180-150x150.jpg\" alt=\"\" class=\"wp-image-603\" srcset=\"https:\/\/todossomosanimales.org\/web\/wp-content\/uploads\/2015\/09\/IMG-0180-150x150.jpg 150w, https:\/\/todossomosanimales.org\/web\/wp-content\/uploads\/2015\/09\/IMG-0180-80x80.jpg 80w\" sizes=\"(max-width: 150px) 100vw, 150px\" \/><\/a><\/figure>\n\n\n\n<figure class=\"wp-block-image\"><a href=\"https:\/\/todossomosanimales.org\/web\/wp-content\/uploads\/2015\/09\/IMG-0181.jpg\"><img loading=\"lazy\" width=\"150\" height=\"150\" src=\"https:\/\/todossomosanimales.org\/web\/wp-content\/uploads\/2015\/09\/IMG-0181-150x150.jpg\" alt=\"\" class=\"wp-image-604\" srcset=\"https:\/\/todossomosanimales.org\/web\/wp-content\/uploads\/2015\/09\/IMG-0181-150x150.jpg 150w, https:\/\/todossomosanimales.org\/web\/wp-content\/uploads\/2015\/09\/IMG-0181-80x80.jpg 80w\" sizes=\"(max-width: 150px) 100vw, 150px\" \/><\/a><\/figure>\n\n\n\n<figure class=\"wp-block-image\"><a href=\"https:\/\/todossomosanimales.org\/web\/wp-content\/uploads\/2015\/09\/IMG-0182.jpg\"><img loading=\"lazy\" width=\"150\" height=\"150\" src=\"https:\/\/todossomosanimales.org\/web\/wp-content\/uploads\/2015\/09\/IMG-0182-150x150.jpg\" alt=\"\" class=\"wp-image-605\" srcset=\"https:\/\/todossomosanimales.org\/web\/wp-content\/uploads\/2015\/09\/IMG-0182-150x150.jpg 150w, https:\/\/todossomosanimales.org\/web\/wp-content\/uploads\/2015\/09\/IMG-0182-80x80.jpg 80w\" sizes=\"(max-width: 150px) 100vw, 150px\" \/><\/a><\/figure>\n\n\n\n<figure class=\"wp-block-image\"><a href=\"https:\/\/todossomosanimales.org\/web\/wp-content\/uploads\/2015\/09\/IMG-0183.jpg\"><img loading=\"lazy\" width=\"150\" height=\"150\" src=\"https:\/\/todossomosanimales.org\/web\/wp-content\/uploads\/2015\/09\/IMG-0183-150x150.jpg\" alt=\"\" class=\"wp-image-606\" srcset=\"https:\/\/todossomosanimales.org\/web\/wp-content\/uploads\/2015\/09\/IMG-0183-150x150.jpg 150w, https:\/\/todossomosanimales.org\/web\/wp-content\/uploads\/2015\/09\/IMG-0183-80x80.jpg 80w\" sizes=\"(max-width: 150px) 100vw, 150px\" \/><\/a><\/figure>\n\n\n\n<figure class=\"wp-block-image\"><a href=\"https:\/\/todossomosanimales.org\/web\/wp-content\/uploads\/2015\/09\/IMG-0184.jpg\"><img loading=\"lazy\" width=\"150\" height=\"150\" src=\"https:\/\/todossomosanimales.org\/web\/wp-content\/uploads\/2015\/09\/IMG-0184-150x150.jpg\" alt=\"\" class=\"wp-image-607\" srcset=\"https:\/\/todossomosanimales.org\/web\/wp-content\/uploads\/2015\/09\/IMG-0184-150x150.jpg 150w, https:\/\/todossomosanimales.org\/web\/wp-content\/uploads\/2015\/09\/IMG-0184-80x80.jpg 80w\" sizes=\"(max-width: 150px) 100vw, 150px\" \/><\/a><\/figure>\n\n\n\n<figure class=\"wp-block-image\"><a href=\"https:\/\/todossomosanimales.org\/web\/wp-content\/uploads\/2015\/09\/IMG-0185.jpg\"><img loading=\"lazy\" width=\"150\" height=\"150\" src=\"https:\/\/todossomosanimales.org\/web\/wp-content\/uploads\/2015\/09\/IMG-0185-150x150.jpg\" alt=\"\" class=\"wp-image-608\" srcset=\"https:\/\/todossomosanimales.org\/web\/wp-content\/uploads\/2015\/09\/IMG-0185-150x150.jpg 150w, https:\/\/todossomosanimales.org\/web\/wp-content\/uploads\/2015\/09\/IMG-0185-80x80.jpg 80w\" sizes=\"(max-width: 150px) 100vw, 150px\" \/><\/a><\/figure>\n\n\n\n<figure class=\"wp-block-image\"><a href=\"https:\/\/todossomosanimales.org\/web\/wp-content\/uploads\/2015\/09\/IMG-0186.jpg\"><img loading=\"lazy\" width=\"150\" height=\"150\" src=\"https:\/\/todossomosanimales.org\/web\/wp-content\/uploads\/2015\/09\/IMG-0186-150x150.jpg\" alt=\"\" class=\"wp-image-609\" srcset=\"https:\/\/todossomosanimales.org\/web\/wp-content\/uploads\/2015\/09\/IMG-0186-150x150.jpg 150w, https:\/\/todossomosanimales.org\/web\/wp-content\/uploads\/2015\/09\/IMG-0186-80x80.jpg 80w\" sizes=\"(max-width: 150px) 100vw, 150px\" \/><\/a><\/figure>\n\n\n\n<figure class=\"wp-block-image\"><a href=\"https:\/\/todossomosanimales.org\/web\/wp-content\/uploads\/2015\/09\/IMG-0187.jpg\"><img loading=\"lazy\" width=\"150\" height=\"150\" src=\"https:\/\/todossomosanimales.org\/web\/wp-content\/uploads\/2015\/09\/IMG-0187-150x150.jpg\" alt=\"\" class=\"wp-image-610\" srcset=\"https:\/\/todossomosanimales.org\/web\/wp-content\/uploads\/2015\/09\/IMG-0187-150x150.jpg 150w, https:\/\/todossomosanimales.org\/web\/wp-content\/uploads\/2015\/09\/IMG-0187-80x80.jpg 80w\" sizes=\"(max-width: 150px) 100vw, 150px\" \/><\/a><\/figure>\n\n\n\n<figure class=\"wp-block-image\"><a href=\"https:\/\/todossomosanimales.org\/web\/wp-content\/uploads\/2015\/09\/IMG-0188.jpg\"><img loading=\"lazy\" width=\"150\" height=\"150\" src=\"https:\/\/todossomosanimales.org\/web\/wp-content\/uploads\/2015\/09\/IMG-0188-150x150.jpg\" alt=\"\" class=\"wp-image-611\" srcset=\"https:\/\/todossomosanimales.org\/web\/wp-content\/uploads\/2015\/09\/IMG-0188-150x150.jpg 150w, https:\/\/todossomosanimales.org\/web\/wp-content\/uploads\/2015\/09\/IMG-0188-80x80.jpg 80w\" sizes=\"(max-width: 150px) 100vw, 150px\" \/><\/a><\/figure>\n\n\n\n<figure class=\"wp-block-image\"><a href=\"https:\/\/todossomosanimales.org\/web\/wp-content\/uploads\/2015\/09\/IMG-0189.jpg\"><img loading=\"lazy\" width=\"150\" height=\"150\" src=\"https:\/\/todossomosanimales.org\/web\/wp-content\/uploads\/2015\/09\/IMG-0189-150x150.jpg\" alt=\"\" class=\"wp-image-612\" srcset=\"https:\/\/todossomosanimales.org\/web\/wp-content\/uploads\/2015\/09\/IMG-0189-150x150.jpg 150w, https:\/\/todossomosanimales.org\/web\/wp-content\/uploads\/2015\/09\/IMG-0189-80x80.jpg 80w\" sizes=\"(max-width: 150px) 100vw, 150px\" \/><\/a><\/figure>\n\n\n\n<div class=\"wp-block-image\"><figure class=\"aligncenter\"><img loading=\"lazy\" width=\"150\" height=\"150\" src=\"https:\/\/todossomosanimales.org\/web\/wp-content\/uploads\/2015\/09\/IMG-0162-150x150.jpg\" alt=\"\" class=\"wp-image-586\" srcset=\"https:\/\/todossomosanimales.org\/web\/wp-content\/uploads\/2015\/09\/IMG-0162-150x150.jpg 150w, https:\/\/todossomosanimales.org\/web\/wp-content\/uploads\/2015\/09\/IMG-0162-80x80.jpg 80w\" sizes=\"(max-width: 150px) 100vw, 150px\" \/><\/figure><\/div>\n","protected":false},"excerpt":{"rendered":"<p>adoptables de la brigada de vigilancia animal si est\u00e1s pensando en adoptar un animal de compa\u00f1\u00eda seguramente podr\u00e1s encontrar al ideal con la brigada de vigilancia animal y si no puedes adoptar apadrina a alguno. Para adoptar un animal es necesario ser mayor de edad, radicar en la CMX, llevar una copia de comprobante de &hellip;<\/p>\n<p class=\"read-more\"> <a class=\"\" href=\"https:\/\/todossomosanimales.org\/web\/que-hacemos\/adopciones\/\"> <span class=\"screen-reader-text\">Adopciones<\/span> Leer m\u00e1s &raquo;<\/a><\/p>\n","protected":false},"author":1,"featured_media":0,"parent":16,"menu_order":1,"comment_status":"open","ping_status":"closed","template":"","meta":{"site-sidebar-layout":"default","site-content-layout":"default","ast-main-header-display":"","ast-hfb-above-header-display":"","ast-hfb-below-header-display":"","ast-hfb-mobile-header-display":"","site-post-title":"","ast-breadcrumbs-content":"","ast-featured-img":"","footer-sml-layout":"","theme-transparent-header-meta":"","adv-header-id-meta":"","stick-header-meta":"","header-above-stick-meta":"","header-main-stick-meta":"","header-below-stick-meta":""},"_links":{"self":[{"href":"https:\/\/todossomosanimales.org\/web\/wp-json\/wp\/v2\/pages\/46"}],"collection":[{"href":"https:\/\/todossomosanimales.org\/web\/wp-json\/wp\/v2\/pages"}],"about":[{"href":"https:\/\/todossomosanimales.org\/web\/wp-json\/wp\/v2\/types\/page"}],"author":[{"embeddable":true,"href":"https:\/\/todossomosanimales.org\/web\/wp-json\/wp\/v2\/users\/1"}],"replies":[{"embeddable":true,"href":"https:\/\/todossomosanimales.org\/web\/wp-json\/wp\/v2\/comments?post=46"}],"version-history":[{"count":7,"href":"https:\/\/todossomosanimales.org\/web\/wp-json\/wp\/v2\/pages\/46\/revisions"}],"predecessor-version":[{"id":1811,"href":"https:\/\/todossomosanimales.org\/web\/wp-json\/wp\/v2\/pages\/46\/revisions\/1811"}],"up":[{"embeddable":true,"href":"https:\/\/todossomosanimales.org\/web\/wp-json\/wp\/v2\/pages\/16"}],"wp:attachment":[{"href":"https:\/\/todossomosanimales.org\/web\/wp-json\/wp\/v2\/media?parent=46"}],"curies":[{"name":"wp","href":"https:\/\/api.w.org\/{rel}","templated":true}]}}